{"id":1479,"date":"2026-01-07T16:25:48","date_gmt":"2026-01-07T15:25:48","guid":{"rendered":"https:\/\/melgocinema.com\/?page_id=1479"},"modified":"2026-01-07T16:27:03","modified_gmt":"2026-01-07T15:27:03","slug":"cortos","status":"publish","type":"page","link":"https:\/\/melgocinema.com\/en\/cortos\/","title":{"rendered":"CORTOMETRAJES"},"content":{"rendered":"<p><a href=\"https:\/\/drive.google.com\/open?id=185Kbvd7wi02Duar9aiXAw1f_WTBsC35n\" target=\"_blank\" rel=\"noreferrer noopener\">Kit de prensa<\/a> de <em>As tres ca\u00eddas de Mar\u00eda Santiso<\/em>.<\/p>\n\n\n\n<p>Temas:<\/p>\n\n\n\n<h4 class=\"wp-block-heading\">FAMILIA<\/h4>\n\n\n\n<p>Porque la familia, sea cual sea su composici\u00f3n, es el soporte fundamental de las comunidades y del desarrollo de las personas que las integran.<\/p>\n\n\n\n<h4 class=\"wp-block-heading\">RURAL<\/h4>\n\n\n\n<p>Porque entendemos el rural como parte de nuestro patrimonio cultural, ligado a unos saberes y modos de actuar y ver el mundo que conforman nuestra identidad.&nbsp;<\/p>\n\n\n\n<h4 class=\"wp-block-heading\">HOGAR<\/h4>\n\n\n\n<p>Porque esa tierra a la que llamamos \u00abhogar\u00bb genera unos sentimientos de pertenencia, afecto y respeto merecedores de que nadie los viva en soledad.<\/p>\n\n\n\n<h4 class=\"wp-block-heading\">MUJER<\/h4>\n\n\n\n<p>Porque el rol de la mujer en la sociedad ha de ser aquel que ella escoja; protagonista de su propia vida, sin tener que subordinar sus expectativas.<\/p>\n\n\n\n<p>Recorrido:<\/p>\n\n\n\n<p>III Festival Internacional de Cortometrajes CINES\u00c1N &#8211; Octubre 2019<br>-> 41 Semana de Cine de Lugo &#8211; Octubre 2019<br>* Premio del P\u00fablico a la Mejor Pel\u00edcula Gallega<br>-> Programa \u201cPensando en ti\u201d de Radio Galega \u2013 17\/01\/2020<br>-> Concello de Cenlle (Ourense) \u2013 05\/03\/2020<br>-> Concello de A Arnoia (Ourense) \u2013 05\/03\/2020<br>-> Concello de Meira (Lugo) \u2013 06\/03\/2020<br>-> Concello de Xermade (Lugo) \u2013 06\/03\/2020<br>-> Concello de Salceda de Caselas (Pontevedra) \u2013 08\/03\/2020<br>-> Concello de Arbo (Pontevedra) \u2013 08\/03\/2020<br>-> Concello de Vila de Cruces (Pontevedra) \u2013 08\/03\/2020<br>-> Concello de Larouco (Ourense) \u2013 12\/03\/2020<br>-> Concello de Allariz (Ourense) \u2013 12\/03\/2020<br>-> Concello de Mondo\u00f1edo (Lugo) \u2013 21\/03\/2020 (Suspendida por COVID-19)<br>-> Concello de Zas (A Coru\u00f1a) \u2013 07\/08\/2020<br>-> Concello de Mondariz (Pontevedra) \u2013 28\/11\/2020<br>-> Concello de As Neves (Pontevedra) \u2013 29\/11\/2020<br>-> Concello de A Pastoriza (Lugo) \u2013 24\/10\/2021<br>-> Concello de Xunqueira de Espadanedo (Ourense) \u2013 21\/11\/2021<br>-> Concello de Abad\u00edn (Lugo) \u2013 24\/11\/2021<br>-> Concello de Porto do Son (A Coru\u00f1a) \u2013 25\/11\/2021<br>-> Concello de Oroso (A Coru\u00f1a) \u2013 26\/11\/2021<br>-> Concello de Taboada (Lugo) \u2013 06\/03\/2022<br>-> Concello de Mel\u00f3n (Ourense) \u2013 07\/03\/2022<br>-> Concello de Cee (A Coru\u00f1a) \u2013 09\/03\/2022<br>-> Asociaci\u00f3n Veci\u00f1al San Ant\u00f3n de Dexo, Oleiros (A Coru\u00f1a) \u2013 12\/03\/2022<br>-> Concello da Ba\u00f1a (A Coru\u00f1a) \u2013 13\/03\/2022<br>-> Concello de B\u00f3veda (Lugo) \u2013 13\/03\/2022<br>-> Concello de San Sadurni\u00f1o (A Coru\u00f1a) \u2013 22\/03\/2022<br>-> V Ciclo nacional de cine y mujeres rurales (online) \u2013 15-30\/10\/2022<br>-> Ayuntamiento de Pozuel de Ariza (Zaragoza) \u2013 29\/10\/2022<br>-> IES Ribeira do Louro, O Porri\u00f1o (Pontevedra)\u00a0\u2013 01\/03\/2023<br>-> Concello de Catoira (Pontevedra) \u2013 25\/11\/2023<br>-> Concello de A Veiga (Ourense) \u2013 30\/11\/2023<\/p>\n\n\n\n<p><\/p>\n\n\n\n<p><a href=\"https:\/\/drive.google.com\/open?id=1xAGevATU0WmP1BExrns-TciCwadDmkRY\" target=\"_blank\" rel=\"noreferrer noopener\">Kit de prensa<\/a> de <em>Postre<\/em>.<\/p>\n\n\n\n<p>Temas:<\/p>\n\n\n\n<h4 class=\"wp-block-heading\">FAMILIA<\/h4>\n\n\n\n<p>Porque la familia, sea cual sea su composici\u00f3n, es el soporte fundamental de las comunidades y del desarrollo de las personas que las integran.<\/p>\n\n\n\n<h4 class=\"wp-block-heading\">RESPETO<\/h4>\n\n\n\n<p>Porque la capacidad de un individuo para empatizar con quien tiene delante y piensa diferente es imprescindible para vivir en sociedad.<\/p>\n\n\n\n<h4 class=\"wp-block-heading\">VEJEZ<\/h4>\n\n\n\n<p>Porque el creciente proceso de envejecimiento en nuestro entorno necesita hacer valer la experiencia vital de esas personas y prestarles servicios justos.<\/p>\n\n\n\n<h4 class=\"wp-block-heading\">MEMORIA<\/h4>\n\n\n\n<p>Porque la evoluci\u00f3n de los tiempos no puede hacernos olvidar la importancia de saber escuchar y saber aprender de lo que fuimos para construir un futuro mejor.<\/p>\n\n\n\n<p>Recorrido:<\/p>\n\n\n\n<p>-> 17 Festival Barcelona VisualSound \u2013 Marzo 2020 (Atrasado a diciembre por COVID-19)<br>-> XV Festimatge (Festival de la Imatge de Calella) \u2013 Abril 2020 (Suspendido por COVID-19)<br>-> 13 Festival Internacional Cine del Mar de Uruguay \u2013 Agosto 2020<br>-> 10 Figari Film Fest: Olbia Film Network \u2013 Septiembre 2020<br>-> 18 FESCIGU (Festival de Cine Solidario de Guadalajara): Secci\u00f3n Juventud Acumulada \u2013 Septiembre-Octubre 2020<br>-> 25 OUFF (Festival Internacional de Cine de Ourense) \u2013 Septiembre-Octubre 2020<br>-> X FIBABC (Festival Iberoamericano de Cortometrajes) \u2013 Octubre-Diciembre 2020<br>-> 42 Semana de Cine de Lugo \u2013 Noviembre 2020<br>-> 9 Hidalgo Film Fest \u2013 Noviembre 2020<br>-> 17 Festival Barcelona VisualSound \u2013 Diciembre 2020<br>-> Asociaci\u00f3n Veci\u00f1al San Ant\u00f3n de Dexo, Oleiros (A Coru\u00f1a) \u2013 12\/03\/2022<br>-> Concello de Mondariz (Pontevedra) \u2013 05\/11\/2022<br>-> Concello de Abad\u00edn (Lugo) \u2013 23\/11\/2022<br>-> Concello de Meira (Lugo) \u2013 08\/03\/2023<br>-> CIFP Leixa de Ferrol (A Coru\u00f1a)\u00a0\u2013 20\/05\/2025<\/p>","protected":false},"excerpt":{"rendered":"<p>Kit de prensa de As tres ca\u00eddas de Mar\u00eda Santiso. Temas: FAMILIA Porque la familia, sea cual sea su composici\u00f3n, es el soporte fundamental de las comunidades y del desarrollo de las personas que las integran. RURAL Porque entendemos el rural como parte de nuestro patrimonio cultural, ligado a unos saberes y modos de actuar&hellip; <br \/> <a class=\"read-more\" href=\"https:\/\/melgocinema.com\/en\/cortos\/\">Read more<\/a><\/p>","protected":false},"author":1,"featured_media":0,"parent":0,"menu_order":0,"comment_status":"closed","ping_status":"closed","template":"","meta":{"footnotes":""},"class_list":["post-1479","page","type-page","status-publish","hentry"],"yoast_head":"<!-- This site is optimized with the Yoast SEO plugin v27.2 - https:\/\/yoast.com\/product\/yoast-seo-wordpress\/ -->\n<title>CORTOMETRAJES - Melgo Cinema<\/title>\n<meta name=\"description\" content=\"Informaci\u00f3n sobre los cortometrajes As tres ca\u00eddas de Mar\u00eda Santiso y Postre, de Melgo Cinema. Disponibles para charla con coloquio.\" \/>\n<meta name=\"robots\" content=\"index, follow, max-snippet:-1, max-image-preview:large, max-video-preview:-1\" \/>\n<link rel=\"canonical\" href=\"https:\/\/melgocinema.com\/en\/cortos\/\" \/>\n<meta property=\"og:locale\" content=\"en_US\" \/>\n<meta property=\"og:type\" content=\"article\" \/>\n<meta property=\"og:title\" content=\"CORTOMETRAJES - Melgo Cinema\" \/>\n<meta property=\"og:description\" content=\"Informaci\u00f3n sobre los cortometrajes As tres ca\u00eddas de Mar\u00eda Santiso y Postre, de Melgo Cinema. Disponibles para charla con coloquio.\" \/>\n<meta property=\"og:url\" content=\"https:\/\/melgocinema.com\/en\/cortos\/\" \/>\n<meta property=\"og:site_name\" content=\"Melgo Cinema\" \/>\n<meta property=\"article:publisher\" content=\"https:\/\/www.facebook.com\/melgocinema\/\" \/>\n<meta property=\"article:modified_time\" content=\"2026-01-07T15:27:03+00:00\" \/>\n<meta name=\"twitter:card\" content=\"summary_large_image\" \/>\n<meta name=\"twitter:label1\" content=\"Est. reading time\" \/>\n\t<meta name=\"twitter:data1\" content=\"3 minutes\" \/>\n<script type=\"application\/ld+json\" class=\"yoast-schema-graph\">{\"@context\":\"https:\/\/schema.org\",\"@graph\":[{\"@type\":\"WebPage\",\"@id\":\"https:\/\/melgocinema.com\/cortos\/\",\"url\":\"https:\/\/melgocinema.com\/cortos\/\",\"name\":\"CORTOMETRAJES - Melgo Cinema\",\"isPartOf\":{\"@id\":\"https:\/\/melgocinema.com\/#website\"},\"datePublished\":\"2026-01-07T15:25:48+00:00\",\"dateModified\":\"2026-01-07T15:27:03+00:00\",\"description\":\"Informaci\u00f3n sobre los cortometrajes As tres ca\u00eddas de Mar\u00eda Santiso y Postre, de Melgo Cinema. Disponibles para charla con coloquio.\",\"breadcrumb\":{\"@id\":\"https:\/\/melgocinema.com\/cortos\/#breadcrumb\"},\"inLanguage\":\"en-US\",\"potentialAction\":[{\"@type\":\"ReadAction\",\"target\":[\"https:\/\/melgocinema.com\/cortos\/\"]}]},{\"@type\":\"BreadcrumbList\",\"@id\":\"https:\/\/melgocinema.com\/cortos\/#breadcrumb\",\"itemListElement\":[{\"@type\":\"ListItem\",\"position\":1,\"name\":\"Portada\",\"item\":\"https:\/\/melgocinema.com\/\"},{\"@type\":\"ListItem\",\"position\":2,\"name\":\"CORTOMETRAJES\"}]},{\"@type\":\"WebSite\",\"@id\":\"https:\/\/melgocinema.com\/#website\",\"url\":\"https:\/\/melgocinema.com\/\",\"name\":\"Melgo Cinema\",\"description\":\"Cine social desde Galicia\",\"publisher\":{\"@id\":\"https:\/\/melgocinema.com\/#organization\"},\"potentialAction\":[{\"@type\":\"SearchAction\",\"target\":{\"@type\":\"EntryPoint\",\"urlTemplate\":\"https:\/\/melgocinema.com\/?s={search_term_string}\"},\"query-input\":{\"@type\":\"PropertyValueSpecification\",\"valueRequired\":true,\"valueName\":\"search_term_string\"}}],\"inLanguage\":\"en-US\"},{\"@type\":\"Organization\",\"@id\":\"https:\/\/melgocinema.com\/#organization\",\"name\":\"Melgo Cinema\",\"url\":\"https:\/\/melgocinema.com\/\",\"logo\":{\"@type\":\"ImageObject\",\"inLanguage\":\"en-US\",\"@id\":\"https:\/\/melgocinema.com\/#\/schema\/logo\/image\/\",\"url\":\"https:\/\/melgocinema.com\/wp-content\/uploads\/2018\/07\/melgocinema-bloque-png.png\",\"contentUrl\":\"https:\/\/melgocinema.com\/wp-content\/uploads\/2018\/07\/melgocinema-bloque-png.png\",\"width\":4961,\"height\":3508,\"caption\":\"Melgo Cinema\"},\"image\":{\"@id\":\"https:\/\/melgocinema.com\/#\/schema\/logo\/image\/\"},\"sameAs\":[\"https:\/\/www.facebook.com\/melgocinema\/\",\"https:\/\/instagram.com\/melgocinema\/\",\"https:\/\/www.linkedin.com\/company\/melgo-cinema\/\"]}]}<\/script>\n<!-- \/ Yoast SEO plugin. -->","yoast_head_json":{"title":"CORTOMETRAJES - Melgo Cinema","description":"Informaci\u00f3n sobre los cortometrajes As tres ca\u00eddas de Mar\u00eda Santiso y Postre, de Melgo Cinema. Disponibles para charla con coloquio.","robots":{"index":"index","follow":"follow","max-snippet":"max-snippet:-1","max-image-preview":"max-image-preview:large","max-video-preview":"max-video-preview:-1"},"canonical":"https:\/\/melgocinema.com\/en\/cortos\/","og_locale":"en_US","og_type":"article","og_title":"CORTOMETRAJES - Melgo Cinema","og_description":"Informaci\u00f3n sobre los cortometrajes As tres ca\u00eddas de Mar\u00eda Santiso y Postre, de Melgo Cinema. Disponibles para charla con coloquio.","og_url":"https:\/\/melgocinema.com\/en\/cortos\/","og_site_name":"Melgo Cinema","article_publisher":"https:\/\/www.facebook.com\/melgocinema\/","article_modified_time":"2026-01-07T15:27:03+00:00","twitter_card":"summary_large_image","twitter_misc":{"Est. reading time":"3 minutes"},"schema":{"@context":"https:\/\/schema.org","@graph":[{"@type":"WebPage","@id":"https:\/\/melgocinema.com\/cortos\/","url":"https:\/\/melgocinema.com\/cortos\/","name":"CORTOMETRAJES - Melgo Cinema","isPartOf":{"@id":"https:\/\/melgocinema.com\/#website"},"datePublished":"2026-01-07T15:25:48+00:00","dateModified":"2026-01-07T15:27:03+00:00","description":"Informaci\u00f3n sobre los cortometrajes As tres ca\u00eddas de Mar\u00eda Santiso y Postre, de Melgo Cinema. Disponibles para charla con coloquio.","breadcrumb":{"@id":"https:\/\/melgocinema.com\/cortos\/#breadcrumb"},"inLanguage":"en-US","potentialAction":[{"@type":"ReadAction","target":["https:\/\/melgocinema.com\/cortos\/"]}]},{"@type":"BreadcrumbList","@id":"https:\/\/melgocinema.com\/cortos\/#breadcrumb","itemListElement":[{"@type":"ListItem","position":1,"name":"Portada","item":"https:\/\/melgocinema.com\/"},{"@type":"ListItem","position":2,"name":"CORTOMETRAJES"}]},{"@type":"WebSite","@id":"https:\/\/melgocinema.com\/#website","url":"https:\/\/melgocinema.com\/","name":"Melgo Cinema","description":"Social films from Galicia","publisher":{"@id":"https:\/\/melgocinema.com\/#organization"},"potentialAction":[{"@type":"SearchAction","target":{"@type":"EntryPoint","urlTemplate":"https:\/\/melgocinema.com\/?s={search_term_string}"},"query-input":{"@type":"PropertyValueSpecification","valueRequired":true,"valueName":"search_term_string"}}],"inLanguage":"en-US"},{"@type":"Organization","@id":"https:\/\/melgocinema.com\/#organization","name":"Melgo Cinema","url":"https:\/\/melgocinema.com\/","logo":{"@type":"ImageObject","inLanguage":"en-US","@id":"https:\/\/melgocinema.com\/#\/schema\/logo\/image\/","url":"https:\/\/melgocinema.com\/wp-content\/uploads\/2018\/07\/melgocinema-bloque-png.png","contentUrl":"https:\/\/melgocinema.com\/wp-content\/uploads\/2018\/07\/melgocinema-bloque-png.png","width":4961,"height":3508,"caption":"Melgo Cinema"},"image":{"@id":"https:\/\/melgocinema.com\/#\/schema\/logo\/image\/"},"sameAs":["https:\/\/www.facebook.com\/melgocinema\/","https:\/\/instagram.com\/melgocinema\/","https:\/\/www.linkedin.com\/company\/melgo-cinema\/"]}]}},"_links":{"self":[{"href":"https:\/\/melgocinema.com\/en\/wp-json\/wp\/v2\/pages\/1479","targetHints":{"allow":["GET"]}}],"collection":[{"href":"https:\/\/melgocinema.com\/en\/wp-json\/wp\/v2\/pages"}],"about":[{"href":"https:\/\/melgocinema.com\/en\/wp-json\/wp\/v2\/types\/page"}],"author":[{"embeddable":true,"href":"https:\/\/melgocinema.com\/en\/wp-json\/wp\/v2\/users\/1"}],"replies":[{"embeddable":true,"href":"https:\/\/melgocinema.com\/en\/wp-json\/wp\/v2\/comments?post=1479"}],"version-history":[{"count":1,"href":"https:\/\/melgocinema.com\/en\/wp-json\/wp\/v2\/pages\/1479\/revisions"}],"predecessor-version":[{"id":1480,"href":"https:\/\/melgocinema.com\/en\/wp-json\/wp\/v2\/pages\/1479\/revisions\/1480"}],"wp:attachment":[{"href":"https:\/\/melgocinema.com\/en\/wp-json\/wp\/v2\/media?parent=1479"}],"curies":[{"name":"wp","href":"https:\/\/api.w.org\/{rel}","templated":true}]}}